{"id":25,"date":"2026-02-08T13:53:19","date_gmt":"2026-02-08T13:53:19","guid":{"rendered":"https:\/\/caffepassaporto.com\/?page_id=25"},"modified":"2026-03-06T15:36:30","modified_gmt":"2026-03-06T15:36:30","slug":"storie-di-viaggio","status":"publish","type":"page","link":"https:\/\/caffepassaporto.com\/en\/storie-di-viaggio\/","title":{"rendered":"Travel Stories"},"content":{"rendered":"<div data-elementor-type=\"wp-page\" data-elementor-id=\"25\" class=\"elementor elementor-25\" data-elementor-post-type=\"page\">\n\t\t\t\t<div class=\"elementor-element elementor-element-dbad58e e-flex e-con-boxed e-con e-parent\" data-id=\"dbad58e\" data-element_type=\"container\" data-e-type=\"container\">\n\t\t\t\t\t<div class=\"e-con-inner\">\n\t\t\t\t<div class=\"elementor-element elementor-element-adf2eb6 elementor-widget elementor-widget-heading\" data-id=\"adf2eb6\" data-element_type=\"widget\" data-e-type=\"widget\" data-widget_type=\"heading.default\">\n\t\t\t\t\t<h1 class=\"elementor-heading-title elementor-size-default\">Travel Stories<\/h1>\t\t\t\t<\/div>\n\t\t\t\t<div class=\"elementor-element elementor-element-f8bc9ad elementor-widget elementor-widget-text-editor\" data-id=\"f8bc9ad\" data-element_type=\"widget\" data-e-type=\"widget\" data-widget_type=\"text-editor.default\">\n\t\t\t\t\t\t\t\t\t<p>Not every journey is about places. <br \/>Some are about people, moments, and the changes they leave behind. \u00a0<\/p>\t\t\t\t\t\t\t\t<\/div>\n\t\t\t\t\t<\/div>\n\t\t\t\t<\/div>\n\t\t<div class=\"elementor-element elementor-element-a18bef4 e-flex e-con-boxed e-con e-parent\" data-id=\"a18bef4\" data-element_type=\"container\" data-e-type=\"container\">\n\t\t\t\t\t<div class=\"e-con-inner\">\n\t\t\t\t<div class=\"elementor-element elementor-element-7eac8af elementor-grid-2 elementor-grid-tablet-2 elementor-grid-mobile-1 elementor-posts--thumbnail-top elementor-widget elementor-widget-posts\" data-id=\"7eac8af\" data-element_type=\"widget\" data-e-type=\"widget\" data-settings=\"{&quot;classic_columns&quot;:&quot;2&quot;,&quot;classic_columns_tablet&quot;:&quot;2&quot;,&quot;classic_columns_mobile&quot;:&quot;1&quot;,&quot;classic_row_gap&quot;:{&quot;unit&quot;:&quot;px&quot;,&quot;size&quot;:35,&quot;sizes&quot;:[]},&quot;classic_row_gap_tablet&quot;:{&quot;unit&quot;:&quot;px&quot;,&quot;size&quot;:&quot;&quot;,&quot;sizes&quot;:[]},&quot;classic_row_gap_mobile&quot;:{&quot;unit&quot;:&quot;px&quot;,&quot;size&quot;:&quot;&quot;,&quot;sizes&quot;:[]}}\" data-widget_type=\"posts.classic\">\n\t\t\t\t<div class=\"elementor-widget-container\">\n\t\t\t\t\t\t\t<div class=\"elementor-posts-container elementor-posts elementor-posts--skin-classic elementor-grid\" role=\"list\">\n\t\t\t\t<article class=\"elementor-post elementor-grid-item post-863 post type-post status-publish format-standard has-post-thumbnail hentry category-storie-di-viaggio tag-senso-del-viaggio\" role=\"listitem\">\n\t\t\t\t<a class=\"elementor-post__thumbnail__link\" href=\"https:\/\/caffepassaporto.com\/en\/relazioni-a-distanza-viaggio\/\" tabindex=\"-1\" >\n\t\t\t<div class=\"elementor-post__thumbnail\"><img fetchpriority=\"high\" decoding=\"async\" width=\"800\" height=\"631\" src=\"https:\/\/caffepassaporto.com\/wp-content\/uploads\/2026\/03\/IMG_5870-scaled-e1773999897308-1024x808.jpg\" class=\"attachment-large size-large wp-image-864\" alt=\"relazioni a distanza, la mia esperienza\" srcset=\"https:\/\/caffepassaporto.com\/wp-content\/uploads\/2026\/03\/IMG_5870-scaled-e1773999897308-1024x808.jpg 1024w, https:\/\/caffepassaporto.com\/wp-content\/uploads\/2026\/03\/IMG_5870-scaled-e1773999897308-300x237.jpg 300w, https:\/\/caffepassaporto.com\/wp-content\/uploads\/2026\/03\/IMG_5870-scaled-e1773999897308-768x606.jpg 768w, https:\/\/caffepassaporto.com\/wp-content\/uploads\/2026\/03\/IMG_5870-scaled-e1773999897308-1536x1212.jpg 1536w, https:\/\/caffepassaporto.com\/wp-content\/uploads\/2026\/03\/IMG_5870-scaled-e1773999897308-15x12.jpg 15w, https:\/\/caffepassaporto.com\/wp-content\/uploads\/2026\/03\/IMG_5870-scaled-e1773999897308.jpg 1920w\" sizes=\"(max-width: 800px) 100vw, 800px\" \/><\/div>\n\t\t<\/a>\n\t\t\t\t<div class=\"elementor-post__text\">\n\t\t\t\t<h3 class=\"elementor-post__title\">\n\t\t\t<a href=\"https:\/\/caffepassaporto.com\/en\/relazioni-a-distanza-viaggio\/\" >\n\t\t\t\tRelazioni a distanza: il viaggio non rovina le relazioni, le rivela\u00a0\t\t\t<\/a>\n\t\t<\/h3>\n\t\t\t\t<div class=\"elementor-post__meta-data\">\n\t\t\t\t\t<span class=\"elementor-post-date\">\n\t\t\tMarch 20, 2026\t\t<\/span>\n\t\t\t\t<\/div>\n\t\t\t\t<div class=\"elementor-post__excerpt\">\n\t\t\t<p>Le relazioni a distanza non distruggono l\u2019amore, ma mostra cosa \u00e8 davvero solido tra fiducia, rispetto e maturit\u00e0. Non \u00e8 il viaggio a cambiarle, ma la verit\u00e0 che emerge quando resta solo ci\u00f2 che conta.<\/p>\n\t\t<\/div>\n\t\t\n\t\t<a class=\"elementor-post__read-more\" href=\"https:\/\/caffepassaporto.com\/en\/relazioni-a-distanza-viaggio\/\" aria-label=\"Read more about Relazioni a distanza: il viaggio non rovina le relazioni, le rivela\u00a0\" tabindex=\"-1\" >\n\t\t\tRead more\t\t<\/a>\n\n\t\t\t\t<\/div>\n\t\t\t\t<\/article>\n\t\t\t\t<article class=\"elementor-post elementor-grid-item post-803 post type-post status-publish format-standard has-post-thumbnail hentry category-storie-di-viaggio tag-australia tag-senso-del-viaggio\" role=\"listitem\">\n\t\t\t\t<a class=\"elementor-post__thumbnail__link\" href=\"https:\/\/caffepassaporto.com\/en\/backpacker-significato\/\" tabindex=\"-1\" >\n\t\t\t<div class=\"elementor-post__thumbnail\"><img decoding=\"async\" width=\"800\" height=\"682\" src=\"https:\/\/caffepassaporto.com\/wp-content\/uploads\/2026\/03\/IMG_1509-scaled-e1773669822903-1024x873.jpg\" class=\"attachment-large size-large wp-image-804\" alt=\"backpacker significato\" srcset=\"https:\/\/caffepassaporto.com\/wp-content\/uploads\/2026\/03\/IMG_1509-scaled-e1773669822903-1024x873.jpg 1024w, https:\/\/caffepassaporto.com\/wp-content\/uploads\/2026\/03\/IMG_1509-scaled-e1773669822903-300x256.jpg 300w, https:\/\/caffepassaporto.com\/wp-content\/uploads\/2026\/03\/IMG_1509-scaled-e1773669822903-768x654.jpg 768w, https:\/\/caffepassaporto.com\/wp-content\/uploads\/2026\/03\/IMG_1509-scaled-e1773669822903-1536x1309.jpg 1536w, https:\/\/caffepassaporto.com\/wp-content\/uploads\/2026\/03\/IMG_1509-scaled-e1773669822903-14x12.jpg 14w, https:\/\/caffepassaporto.com\/wp-content\/uploads\/2026\/03\/IMG_1509-scaled-e1773669822903.jpg 2048w\" sizes=\"(max-width: 800px) 100vw, 800px\" \/><\/div>\n\t\t<\/a>\n\t\t\t\t<div class=\"elementor-post__text\">\n\t\t\t\t<h3 class=\"elementor-post__title\">\n\t\t\t<a href=\"https:\/\/caffepassaporto.com\/en\/backpacker-significato\/\" >\n\t\t\t\tBackpacker: significato e paradossi del viaggio moderno\t\t\t<\/a>\n\t\t<\/h3>\n\t\t\t\t<div class=\"elementor-post__meta-data\">\n\t\t\t\t\t<span class=\"elementor-post-date\">\n\t\t\tMarch 16, 2026\t\t<\/span>\n\t\t\t\t<\/div>\n\t\t\t\t<div class=\"elementor-post__excerpt\">\n\t\t\t<p>Chi sono davvero i backpacker e cosa significa viaggiare con la mente aperta? Partendo dalla mia esperienza, rifletto sul paradosso del backpacking moderno: viaggiare sempre di pi\u00f9, ma a volte senza incontrare davvero il mondo.<\/p>\n\t\t<\/div>\n\t\t\n\t\t<a class=\"elementor-post__read-more\" href=\"https:\/\/caffepassaporto.com\/en\/backpacker-significato\/\" aria-label=\"Read more about Backpacker: significato e paradossi del viaggio moderno\" tabindex=\"-1\" >\n\t\t\tRead more\t\t<\/a>\n\n\t\t\t\t<\/div>\n\t\t\t\t<\/article>\n\t\t\t\t<article class=\"elementor-post elementor-grid-item post-662 post type-post status-publish format-standard has-post-thumbnail hentry category-storie-di-viaggio tag-australia tag-senso-del-viaggio\" role=\"listitem\">\n\t\t\t\t<a class=\"elementor-post__thumbnail__link\" href=\"https:\/\/caffepassaporto.com\/en\/la-mia-esperienza-in-australia\/\" tabindex=\"-1\" >\n\t\t\t<div class=\"elementor-post__thumbnail\"><img decoding=\"async\" width=\"800\" height=\"704\" src=\"https:\/\/caffepassaporto.com\/wp-content\/uploads\/2026\/03\/BBE9417C-DC7A-4EAC-94A9-ECD54718E720-2-scaled-e1772714473988-1024x901.webp\" class=\"attachment-large size-large wp-image-706\" alt=\"La mia esperienza in Australia\" srcset=\"https:\/\/caffepassaporto.com\/wp-content\/uploads\/2026\/03\/BBE9417C-DC7A-4EAC-94A9-ECD54718E720-2-scaled-e1772714473988-1024x901.webp 1024w, https:\/\/caffepassaporto.com\/wp-content\/uploads\/2026\/03\/BBE9417C-DC7A-4EAC-94A9-ECD54718E720-2-scaled-e1772714473988-300x264.webp 300w, https:\/\/caffepassaporto.com\/wp-content\/uploads\/2026\/03\/BBE9417C-DC7A-4EAC-94A9-ECD54718E720-2-scaled-e1772714473988-768x676.webp 768w, https:\/\/caffepassaporto.com\/wp-content\/uploads\/2026\/03\/BBE9417C-DC7A-4EAC-94A9-ECD54718E720-2-scaled-e1772714473988-14x12.webp 14w, https:\/\/caffepassaporto.com\/wp-content\/uploads\/2026\/03\/BBE9417C-DC7A-4EAC-94A9-ECD54718E720-2-scaled-e1772714473988.webp 1440w\" sizes=\"(max-width: 800px) 100vw, 800px\" \/><\/div>\n\t\t<\/a>\n\t\t\t\t<div class=\"elementor-post__text\">\n\t\t\t\t<h3 class=\"elementor-post__title\">\n\t\t\t<a href=\"https:\/\/caffepassaporto.com\/en\/la-mia-esperienza-in-australia\/\" >\n\t\t\t\tMy experience in Australia: \nthe promised land that brings you back to reality\t\t\t<\/a>\n\t\t<\/h3>\n\t\t\t\t<div class=\"elementor-post__meta-data\">\n\t\t\t\t\t<span class=\"elementor-post-date\">\n\t\t\tMarch 4, 2026\t\t<\/span>\n\t\t\t\t<\/div>\n\t\t\t\t<div class=\"elementor-post__excerpt\">\n\t\t\t<p>Australia is often portrayed as the land of opportunity. But the reality is more complex.\nHere I share my experience with the Working Holiday Visa, temporary jobs, and the lessons I learned along the way.<\/p>\n\t\t<\/div>\n\t\t\n\t\t<a class=\"elementor-post__read-more\" href=\"https:\/\/caffepassaporto.com\/en\/la-mia-esperienza-in-australia\/\" aria-label=\"Read more about La mia esperienza in Australia:                                                  la terra promessa che ti riporta alla realt\u00e0\" tabindex=\"-1\" >\n\t\t\tRead more\t\t<\/a>\n\n\t\t\t\t<\/div>\n\t\t\t\t<\/article>\n\t\t\t\t<article class=\"elementor-post elementor-grid-item post-555 post type-post status-publish format-standard has-post-thumbnail hentry category-storie-di-viaggio tag-australia tag-senso-del-viaggio\" role=\"listitem\">\n\t\t\t\t<a class=\"elementor-post__thumbnail__link\" href=\"https:\/\/caffepassaporto.com\/en\/viaggiare-da-soli-prima-della-partenza\/\" tabindex=\"-1\" >\n\t\t\t<div class=\"elementor-post__thumbnail\"><img loading=\"lazy\" decoding=\"async\" width=\"800\" height=\"471\" src=\"https:\/\/caffepassaporto.com\/wp-content\/uploads\/2026\/02\/IMG_8352-scaled-e1772127068438-1024x603.jpg\" class=\"attachment-large size-large wp-image-557\" alt=\"viaggiare da soli: Australia\" srcset=\"https:\/\/caffepassaporto.com\/wp-content\/uploads\/2026\/02\/IMG_8352-scaled-e1772127068438-1024x603.jpg 1024w, https:\/\/caffepassaporto.com\/wp-content\/uploads\/2026\/02\/IMG_8352-scaled-e1772127068438-300x177.jpg 300w, https:\/\/caffepassaporto.com\/wp-content\/uploads\/2026\/02\/IMG_8352-scaled-e1772127068438-768x452.jpg 768w, https:\/\/caffepassaporto.com\/wp-content\/uploads\/2026\/02\/IMG_8352-scaled-e1772127068438-1536x904.jpg 1536w, https:\/\/caffepassaporto.com\/wp-content\/uploads\/2026\/02\/IMG_8352-scaled-e1772127068438.jpg 1920w\" sizes=\"(max-width: 800px) 100vw, 800px\" \/><\/div>\n\t\t<\/a>\n\t\t\t\t<div class=\"elementor-post__text\">\n\t\t\t\t<h3 class=\"elementor-post__title\">\n\t\t\t<a href=\"https:\/\/caffepassaporto.com\/en\/viaggiare-da-soli-prima-della-partenza\/\" >\n\t\t\t\tSolo travel: the hidden side before departure\t\t\t<\/a>\n\t\t<\/h3>\n\t\t\t\t<div class=\"elementor-post__meta-data\">\n\t\t\t\t\t<span class=\"elementor-post-date\">\n\t\t\tFebruary 26, 2026\t\t<\/span>\n\t\t\t\t<\/div>\n\t\t\t\t<div class=\"elementor-post__excerpt\">\n\t\t\t<p>Traveling alone is a dream for many, but few talk about the pain and sacrifices that come before leaving. My experience before letting everything go.<\/p>\n\t\t<\/div>\n\t\t\n\t\t<a class=\"elementor-post__read-more\" href=\"https:\/\/caffepassaporto.com\/en\/viaggiare-da-soli-prima-della-partenza\/\" aria-label=\"Read more about Viaggiare da soli: il lato nascosto prima della partenza\" tabindex=\"-1\" >\n\t\t\tRead more\t\t<\/a>\n\n\t\t\t\t<\/div>\n\t\t\t\t<\/article>\n\t\t\t\t<article class=\"elementor-post elementor-grid-item post-116 post type-post status-publish format-standard has-post-thumbnail hentry category-storie-di-viaggio\" role=\"listitem\">\n\t\t\t\t<a class=\"elementor-post__thumbnail__link\" href=\"https:\/\/caffepassaporto.com\/en\/road-trip-da-valencia-a-malaga-850-km\/\" tabindex=\"-1\" >\n\t\t\t<div class=\"elementor-post__thumbnail\"><img loading=\"lazy\" decoding=\"async\" width=\"768\" height=\"1024\" src=\"https:\/\/caffepassaporto.com\/wp-content\/uploads\/2026\/02\/IMG_0459-2-768x1024.jpg\" class=\"attachment-large size-large wp-image-520\" alt=\"Mirador a J\u00e0vea visto durante il road trip da Valencia a Malaga\" srcset=\"https:\/\/caffepassaporto.com\/wp-content\/uploads\/2026\/02\/IMG_0459-2-768x1024.jpg 768w, https:\/\/caffepassaporto.com\/wp-content\/uploads\/2026\/02\/IMG_0459-2-225x300.jpg 225w, https:\/\/caffepassaporto.com\/wp-content\/uploads\/2026\/02\/IMG_0459-2-1152x1536.jpg 1152w, https:\/\/caffepassaporto.com\/wp-content\/uploads\/2026\/02\/IMG_0459-2-1536x2048.jpg 1536w, https:\/\/caffepassaporto.com\/wp-content\/uploads\/2026\/02\/IMG_0459-2-scaled.jpg 1920w\" sizes=\"(max-width: 768px) 100vw, 768px\" \/><\/div>\n\t\t<\/a>\n\t\t\t\t<div class=\"elementor-post__text\">\n\t\t\t\t<h3 class=\"elementor-post__title\">\n\t\t\t<a href=\"https:\/\/caffepassaporto.com\/en\/road-trip-da-valencia-a-malaga-850-km\/\" >\n\t\t\t\tRoad trip from Valencia to Malaga: 850 km along Spain's coast\t\t\t<\/a>\n\t\t<\/h3>\n\t\t\t\t<div class=\"elementor-post__meta-data\">\n\t\t\t\t\t<span class=\"elementor-post-date\">\n\t\t\tFebruary 11, 2026\t\t<\/span>\n\t\t\t\t<\/div>\n\t\t\t\t<div class=\"elementor-post__excerpt\">\n\t\t\t<p>Six days on the road from Valencia to Malaga, between calm winter seas, desert landscapes, and snow-covered mountains.  A slow journey along 850 km of Spain's coastline.<\/p>\n\t\t<\/div>\n\t\t\n\t\t<a class=\"elementor-post__read-more\" href=\"https:\/\/caffepassaporto.com\/en\/road-trip-da-valencia-a-malaga-850-km\/\" aria-label=\"Read more about Road trip da Valencia a Malaga: 850 km lungo la costa spagnola\" tabindex=\"-1\" >\n\t\t\tRead more\t\t<\/a>\n\n\t\t\t\t<\/div>\n\t\t\t\t<\/article>\n\t\t\t\t<\/div>\n\t\t\n\t\t\t\t\t\t<\/div>\n\t\t\t\t<\/div>\n\t\t\t\t\t<\/div>\n\t\t\t\t<\/div>\n\t\t\t\t<\/div>","protected":false},"excerpt":{"rendered":"<p>Non tutti i viaggi raccontano luoghi. Alcuni parlano di persone, di momenti e di cambiamenti<\/p>","protected":false},"author":1,"featured_media":0,"parent":0,"menu_order":0,"comment_status":"closed","ping_status":"closed","template":"elementor_header_footer","meta":{"footnotes":""},"class_list":["post-25","page","type-page","status-publish","hentry"],"_hostinger_reach_plugin_has_subscription_block":false,"_hostinger_reach_plugin_is_elementor":false,"_links":{"self":[{"href":"https:\/\/caffepassaporto.com\/en\/wp-json\/wp\/v2\/pages\/25","targetHints":{"allow":["GET"]}}],"collection":[{"href":"https:\/\/caffepassaporto.com\/en\/wp-json\/wp\/v2\/pages"}],"about":[{"href":"https:\/\/caffepassaporto.com\/en\/wp-json\/wp\/v2\/types\/page"}],"author":[{"embeddable":true,"href":"https:\/\/caffepassaporto.com\/en\/wp-json\/wp\/v2\/users\/1"}],"replies":[{"embeddable":true,"href":"https:\/\/caffepassaporto.com\/en\/wp-json\/wp\/v2\/comments?post=25"}],"version-history":[{"count":17,"href":"https:\/\/caffepassaporto.com\/en\/wp-json\/wp\/v2\/pages\/25\/revisions"}],"predecessor-version":[{"id":793,"href":"https:\/\/caffepassaporto.com\/en\/wp-json\/wp\/v2\/pages\/25\/revisions\/793"}],"wp:attachment":[{"href":"https:\/\/caffepassaporto.com\/en\/wp-json\/wp\/v2\/media?parent=25"}],"curies":[{"name":"wp","href":"https:\/\/api.w.org\/{rel}","templated":true}]}}