{"id":107,"date":"2026-02-11T12:19:45","date_gmt":"2026-02-11T12:19:45","guid":{"rendered":"https:\/\/caffepassaporto.com\/?page_id=107"},"modified":"2026-03-06T15:40:55","modified_gmt":"2026-03-06T15:40:55","slug":"destinazioni","status":"publish","type":"page","link":"https:\/\/caffepassaporto.com\/en\/destinazioni\/","title":{"rendered":"Destinations"},"content":{"rendered":"<div data-elementor-type=\"wp-page\" data-elementor-id=\"107\" class=\"elementor elementor-107\" data-elementor-post-type=\"page\">\n\t\t\t\t<div class=\"elementor-element elementor-element-dbad58e e-flex e-con-boxed e-con e-parent\" data-id=\"dbad58e\" data-element_type=\"container\" data-e-type=\"container\">\n\t\t\t\t\t<div class=\"e-con-inner\">\n\t\t\t\t<div class=\"elementor-element elementor-element-adf2eb6 elementor-widget elementor-widget-heading\" data-id=\"adf2eb6\" data-element_type=\"widget\" data-e-type=\"widget\" data-widget_type=\"heading.default\">\n\t\t\t\t\t<h1 class=\"elementor-heading-title elementor-size-default\">Destinations<\/h1>\t\t\t\t<\/div>\n\t\t\t\t<div class=\"elementor-element elementor-element-f8bc9ad elementor-widget elementor-widget-text-editor\" data-id=\"f8bc9ad\" data-element_type=\"widget\" data-e-type=\"widget\" data-widget_type=\"text-editor.default\">\n\t\t\t\t\t\t\t\t\t<p>A destination is an experience,<br \/>not a guide to follow. <br \/>They are places crossed, roads travelled, and days lived slowly.<\/p><p>Each journey is told as it was lived, not as something you're supposed to see.<\/p>\t\t\t\t\t\t\t\t<\/div>\n\t\t\t\t\t<\/div>\n\t\t\t\t<\/div>\n\t\t<div class=\"elementor-element elementor-element-a18bef4 e-flex e-con-boxed e-con e-parent\" data-id=\"a18bef4\" data-element_type=\"container\" data-e-type=\"container\">\n\t\t\t\t\t<div class=\"e-con-inner\">\n\t\t\t\t<div class=\"elementor-element elementor-element-7eac8af elementor-grid-2 elementor-grid-tablet-2 elementor-grid-mobile-1 elementor-posts--thumbnail-top elementor-widget elementor-widget-posts\" data-id=\"7eac8af\" data-element_type=\"widget\" data-e-type=\"widget\" data-settings=\"{&quot;classic_columns&quot;:&quot;2&quot;,&quot;classic_columns_tablet&quot;:&quot;2&quot;,&quot;classic_columns_mobile&quot;:&quot;1&quot;,&quot;classic_row_gap&quot;:{&quot;unit&quot;:&quot;px&quot;,&quot;size&quot;:35,&quot;sizes&quot;:[]},&quot;classic_row_gap_tablet&quot;:{&quot;unit&quot;:&quot;px&quot;,&quot;size&quot;:&quot;&quot;,&quot;sizes&quot;:[]},&quot;classic_row_gap_mobile&quot;:{&quot;unit&quot;:&quot;px&quot;,&quot;size&quot;:&quot;&quot;,&quot;sizes&quot;:[]}}\" data-widget_type=\"posts.classic\">\n\t\t\t\t<div class=\"elementor-widget-container\">\n\t\t\t\t\t\t\t<div class=\"elementor-posts-container elementor-posts elementor-posts--skin-classic elementor-grid\" role=\"list\">\n\t\t\t\t<article class=\"elementor-post elementor-grid-item post-919 post type-post status-publish format-standard has-post-thumbnail hentry category-destinazioni tag-senso-del-viaggio tag-sud-est-asiatico-2\" role=\"listitem\">\n\t\t\t\t<a class=\"elementor-post__thumbnail__link\" href=\"https:\/\/caffepassaporto.com\/en\/labuan-bajo-il-parco-nazionale-di-komodo\/\" tabindex=\"-1\" >\n\t\t\t<div class=\"elementor-post__thumbnail\"><img fetchpriority=\"high\" decoding=\"async\" width=\"800\" height=\"629\" src=\"https:\/\/caffepassaporto.com\/wp-content\/uploads\/2026\/03\/IMG_6807-scaled-e1774858661186-1024x805.jpg\" class=\"attachment-large size-large wp-image-920\" alt=\"Labuan Bajo e il Parco Nazionale di Komodo\" srcset=\"https:\/\/caffepassaporto.com\/wp-content\/uploads\/2026\/03\/IMG_6807-scaled-e1774858661186-1024x805.jpg 1024w, https:\/\/caffepassaporto.com\/wp-content\/uploads\/2026\/03\/IMG_6807-scaled-e1774858661186-300x236.jpg 300w, https:\/\/caffepassaporto.com\/wp-content\/uploads\/2026\/03\/IMG_6807-scaled-e1774858661186-768x604.jpg 768w, https:\/\/caffepassaporto.com\/wp-content\/uploads\/2026\/03\/IMG_6807-scaled-e1774858661186-1536x1208.jpg 1536w, https:\/\/caffepassaporto.com\/wp-content\/uploads\/2026\/03\/IMG_6807-scaled-e1774858661186-15x12.jpg 15w, https:\/\/caffepassaporto.com\/wp-content\/uploads\/2026\/03\/IMG_6807-scaled-e1774858661186.jpg 1920w\" sizes=\"(max-width: 800px) 100vw, 800px\" \/><\/div>\n\t\t<\/a>\n\t\t\t\t<div class=\"elementor-post__text\">\n\t\t\t\t<h3 class=\"elementor-post__title\">\n\t\t\t<a href=\"https:\/\/caffepassaporto.com\/en\/labuan-bajo-il-parco-nazionale-di-komodo\/\" >\n\t\t\t\tLabuan Bajo e il Parco Nazionale di Komodo\t\t\t<\/a>\n\t\t<\/h3>\n\t\t\t\t<div class=\"elementor-post__meta-data\">\n\t\t\t\t\t<span class=\"elementor-post-date\">\n\t\t\tMarch 30, 2026\t\t<\/span>\n\t\t\t\t<\/div>\n\t\t\t\t<div class=\"elementor-post__excerpt\">\n\t\t\t<p>Labuan Bajo \u00e8 molto pi\u00f9 di un punto di partenza per il Parco Nazionale di Komodo. Ti racconto di grotte nascoste, mercatini di pesce sul mare, isole selvagge e snorkeling tra mante e coralli.<\/p>\n\t\t<\/div>\n\t\t\n\t\t<a class=\"elementor-post__read-more\" href=\"https:\/\/caffepassaporto.com\/en\/labuan-bajo-il-parco-nazionale-di-komodo\/\" aria-label=\"Read more about Labuan Bajo e il Parco Nazionale di Komodo\" tabindex=\"-1\" >\n\t\t\tRead more\t\t<\/a>\n\n\t\t\t\t<\/div>\n\t\t\t\t<\/article>\n\t\t\t\t<article class=\"elementor-post elementor-grid-item post-737 post type-post status-publish format-standard has-post-thumbnail hentry category-destinazioni tag-senso-del-viaggio tag-sud-est-asiatico-2\" role=\"listitem\">\n\t\t\t\t<a class=\"elementor-post__thumbnail__link\" href=\"https:\/\/caffepassaporto.com\/en\/villaggio-delle-donne-karen-vicino-chiang-mai\/\" tabindex=\"-1\" >\n\t\t\t<div class=\"elementor-post__thumbnail\"><img decoding=\"async\" width=\"800\" height=\"532\" src=\"https:\/\/caffepassaporto.com\/wp-content\/uploads\/2026\/03\/IMG_8970-scaled-e1772798429661-1024x681.jpg\" class=\"attachment-large size-large wp-image-741\" alt=\"Il villaggio delle donne Karen vicino Chiang Mai\" srcset=\"https:\/\/caffepassaporto.com\/wp-content\/uploads\/2026\/03\/IMG_8970-scaled-e1772798429661-1024x681.jpg 1024w, https:\/\/caffepassaporto.com\/wp-content\/uploads\/2026\/03\/IMG_8970-scaled-e1772798429661-300x199.jpg 300w, https:\/\/caffepassaporto.com\/wp-content\/uploads\/2026\/03\/IMG_8970-scaled-e1772798429661-768x510.jpg 768w, https:\/\/caffepassaporto.com\/wp-content\/uploads\/2026\/03\/IMG_8970-scaled-e1772798429661-1536x1021.jpg 1536w, https:\/\/caffepassaporto.com\/wp-content\/uploads\/2026\/03\/IMG_8970-scaled-e1772798429661-18x12.jpg 18w, https:\/\/caffepassaporto.com\/wp-content\/uploads\/2026\/03\/IMG_8970-scaled-e1772798429661.jpg 1920w\" sizes=\"(max-width: 800px) 100vw, 800px\" \/><\/div>\n\t\t<\/a>\n\t\t\t\t<div class=\"elementor-post__text\">\n\t\t\t\t<h3 class=\"elementor-post__title\">\n\t\t\t<a href=\"https:\/\/caffepassaporto.com\/en\/villaggio-delle-donne-karen-vicino-chiang-mai\/\" >\n\t\t\t\tWhen culture becomes an attraction: the Karen women's village near Chiang Mai.\t\t\t<\/a>\n\t\t<\/h3>\n\t\t\t\t<div class=\"elementor-post__meta-data\">\n\t\t\t\t\t<span class=\"elementor-post-date\">\n\t\t\tMarch 6, 2026\t\t<\/span>\n\t\t\t\t<\/div>\n\t\t\t\t<div class=\"elementor-post__excerpt\">\n\t\t\t<p>Who are the so-called \"giraffe women\" of Thailand? A visit to the Karen women's village near Chiang Mai, between tradition, tourism, and the debate around the so-called \"human zoo\".<\/p>\n\t\t<\/div>\n\t\t\n\t\t<a class=\"elementor-post__read-more\" href=\"https:\/\/caffepassaporto.com\/en\/villaggio-delle-donne-karen-vicino-chiang-mai\/\" aria-label=\"Read more about Quando la cultura diventa attrazione: il villaggio delle donne Karen vicino Chiang Mai\" tabindex=\"-1\" >\n\t\t\tRead more\t\t<\/a>\n\n\t\t\t\t<\/div>\n\t\t\t\t<\/article>\n\t\t\t\t<article class=\"elementor-post elementor-grid-item post-432 post type-post status-publish format-standard has-post-thumbnail hentry category-destinazioni tag-senso-del-viaggio tag-sud-est-asiatico-2\" role=\"listitem\">\n\t\t\t\t<a class=\"elementor-post__thumbnail__link\" href=\"https:\/\/caffepassaporto.com\/en\/viaggio-a-bali-risaie-turismo-massa\/\" tabindex=\"-1\" >\n\t\t\t<div class=\"elementor-post__thumbnail\"><img decoding=\"async\" width=\"800\" height=\"534\" src=\"https:\/\/caffepassaporto.com\/wp-content\/uploads\/2026\/02\/ChatGPT-Image-19-feb-2026-12_50_51-1024x683.webp\" class=\"attachment-large size-large wp-image-434\" alt=\"\" srcset=\"https:\/\/caffepassaporto.com\/wp-content\/uploads\/2026\/02\/ChatGPT-Image-19-feb-2026-12_50_51-1024x683.webp 1024w, https:\/\/caffepassaporto.com\/wp-content\/uploads\/2026\/02\/ChatGPT-Image-19-feb-2026-12_50_51-300x200.webp 300w, https:\/\/caffepassaporto.com\/wp-content\/uploads\/2026\/02\/ChatGPT-Image-19-feb-2026-12_50_51-768x512.webp 768w, https:\/\/caffepassaporto.com\/wp-content\/uploads\/2026\/02\/ChatGPT-Image-19-feb-2026-12_50_51.webp 1536w\" sizes=\"(max-width: 800px) 100vw, 800px\" \/><\/div>\n\t\t<\/a>\n\t\t\t\t<div class=\"elementor-post__text\">\n\t\t\t\t<h3 class=\"elementor-post__title\">\n\t\t\t<a href=\"https:\/\/caffepassaporto.com\/en\/viaggio-a-bali-risaie-turismo-massa\/\" >\n\t\t\t\tWhat to expect from a trip to Bali: between quiet rice fields and mass tourism\t\t\t<\/a>\n\t\t<\/h3>\n\t\t\t\t<div class=\"elementor-post__meta-data\">\n\t\t\t\t\t<span class=\"elementor-post-date\">\n\t\t\tFebruary 19, 2026\t\t<\/span>\n\t\t\t\t<\/div>\n\t\t\t\t<div class=\"elementor-post__excerpt\">\n\t\t\t<p>My journey through Bali between silent rice fields, crowded temples and mass tourism. An honest story exploring both the authentic and tourist side of the island.<\/p>\n\t\t<\/div>\n\t\t\n\t\t<a class=\"elementor-post__read-more\" href=\"https:\/\/caffepassaporto.com\/en\/viaggio-a-bali-risaie-turismo-massa\/\" aria-label=\"Read more about Cosa aspettarsi da un viaggio a Bali: tra risaie silenziose e turismo di massa\" tabindex=\"-1\" >\n\t\t\tRead more\t\t<\/a>\n\n\t\t\t\t<\/div>\n\t\t\t\t<\/article>\n\t\t\t\t<article class=\"elementor-post elementor-grid-item post-187 post type-post status-publish format-standard has-post-thumbnail hentry category-destinazioni tag-cultura-marocchina tag-marocco tag-nord-marocco\" role=\"listitem\">\n\t\t\t\t<a class=\"elementor-post__thumbnail__link\" href=\"https:\/\/caffepassaporto.com\/en\/il-mio-viaggio-nel-nord-del-marocco\/\" tabindex=\"-1\" >\n\t\t\t<div class=\"elementor-post__thumbnail\"><img loading=\"lazy\" decoding=\"async\" width=\"800\" height=\"419\" src=\"https:\/\/caffepassaporto.com\/wp-content\/uploads\/2026\/02\/Progetto-senza-titolo-1024x536.webp\" class=\"attachment-large size-large wp-image-428\" alt=\"\" srcset=\"https:\/\/caffepassaporto.com\/wp-content\/uploads\/2026\/02\/Progetto-senza-titolo-1024x536.webp 1024w, https:\/\/caffepassaporto.com\/wp-content\/uploads\/2026\/02\/Progetto-senza-titolo-300x157.webp 300w, https:\/\/caffepassaporto.com\/wp-content\/uploads\/2026\/02\/Progetto-senza-titolo-768x402.webp 768w, https:\/\/caffepassaporto.com\/wp-content\/uploads\/2026\/02\/Progetto-senza-titolo.webp 1200w\" sizes=\"(max-width: 800px) 100vw, 800px\" \/><\/div>\n\t\t<\/a>\n\t\t\t\t<div class=\"elementor-post__text\">\n\t\t\t\t<h3 class=\"elementor-post__title\">\n\t\t\t<a href=\"https:\/\/caffepassaporto.com\/en\/il-mio-viaggio-nel-nord-del-marocco\/\" >\n\t\t\t\tMy journey through Northern Morocco: Rabat, Chefchaouen and Tangier between ocean and mountains\t\t\t<\/a>\n\t\t<\/h3>\n\t\t\t\t<div class=\"elementor-post__meta-data\">\n\t\t\t\t\t<span class=\"elementor-post-date\">\n\t\t\tFebruary 13, 2026\t\t<\/span>\n\t\t\t\t<\/div>\n\t\t\t\t<div class=\"elementor-post__excerpt\">\n\t\t\t<p>A journey through Northern Morocco between Rabat, Chefchaouen and Tangier. Modern cities, ancient medinas, mountains and ocean: what to really expect.<\/p>\n\t\t<\/div>\n\t\t\n\t\t<a class=\"elementor-post__read-more\" href=\"https:\/\/caffepassaporto.com\/en\/il-mio-viaggio-nel-nord-del-marocco\/\" aria-label=\"Read more about Il mio viaggio nel Nord del Marocco: Rabat, Chefchaouen e Tangeri tra oceano e montagne\" tabindex=\"-1\" >\n\t\t\tRead more\t\t<\/a>\n\n\t\t\t\t<\/div>\n\t\t\t\t<\/article>\n\t\t\t\t<\/div>\n\t\t\n\t\t\t\t\t\t<\/div>\n\t\t\t\t<\/div>\n\t\t\t\t\t<\/div>\n\t\t\t\t<\/div>\n\t\t\t\t<\/div>","protected":false},"excerpt":{"rendered":"<p>Una destinazione \u00e8 un&#8217;esperienza, non una guida da seguire. Ogni viaggio \u00e8 raccontato per quello che \u00e8 stato, non per quello che si dovrebbe vedere.<\/p>","protected":false},"author":1,"featured_media":0,"parent":0,"menu_order":0,"comment_status":"closed","ping_status":"closed","template":"elementor_header_footer","meta":{"footnotes":""},"class_list":["post-107","page","type-page","status-publish","hentry"],"_hostinger_reach_plugin_has_subscription_block":false,"_hostinger_reach_plugin_is_elementor":false,"_links":{"self":[{"href":"https:\/\/caffepassaporto.com\/en\/wp-json\/wp\/v2\/pages\/107","targetHints":{"allow":["GET"]}}],"collection":[{"href":"https:\/\/caffepassaporto.com\/en\/wp-json\/wp\/v2\/pages"}],"about":[{"href":"https:\/\/caffepassaporto.com\/en\/wp-json\/wp\/v2\/types\/page"}],"author":[{"embeddable":true,"href":"https:\/\/caffepassaporto.com\/en\/wp-json\/wp\/v2\/users\/1"}],"replies":[{"embeddable":true,"href":"https:\/\/caffepassaporto.com\/en\/wp-json\/wp\/v2\/comments?post=107"}],"version-history":[{"count":14,"href":"https:\/\/caffepassaporto.com\/en\/wp-json\/wp\/v2\/pages\/107\/revisions"}],"predecessor-version":[{"id":795,"href":"https:\/\/caffepassaporto.com\/en\/wp-json\/wp\/v2\/pages\/107\/revisions\/795"}],"wp:attachment":[{"href":"https:\/\/caffepassaporto.com\/en\/wp-json\/wp\/v2\/media?parent=107"}],"curies":[{"name":"wp","href":"https:\/\/api.w.org\/{rel}","templated":true}]}}