{"id":106,"date":"2026-02-11T12:18:57","date_gmt":"2026-02-11T12:18:57","guid":{"rendered":"https:\/\/caffepassaporto.com\/?page_id=106"},"modified":"2026-03-14T04:22:56","modified_gmt":"2026-03-14T04:22:56","slug":"cibo-e-piccole-cose","status":"publish","type":"page","link":"https:\/\/caffepassaporto.com\/en\/cibo-e-piccole-cose\/","title":{"rendered":"Food &amp; little things"},"content":{"rendered":"<div data-elementor-type=\"wp-page\" data-elementor-id=\"106\" class=\"elementor elementor-106\" data-elementor-post-type=\"page\">\n\t\t\t\t<div class=\"elementor-element elementor-element-dbad58e e-flex e-con-boxed e-con e-parent\" data-id=\"dbad58e\" data-element_type=\"container\" data-e-type=\"container\">\n\t\t\t\t\t<div class=\"e-con-inner\">\n\t\t\t\t<div class=\"elementor-element elementor-element-adf2eb6 elementor-widget elementor-widget-heading\" data-id=\"adf2eb6\" data-element_type=\"widget\" data-e-type=\"widget\" data-widget_type=\"heading.default\">\n\t\t\t\t\t<h1 class=\"elementor-heading-title elementor-size-default\">Food &amp; little things<\/h1>\t\t\t\t<\/div>\n\t\t\t\t<div class=\"elementor-element elementor-element-f8bc9ad elementor-widget elementor-widget-text-editor\" data-id=\"f8bc9ad\" data-element_type=\"widget\" data-e-type=\"widget\" data-widget_type=\"text-editor.default\">\n\t\t\t\t\t\t\t\t\t<p>Curiosities and small details that tell the story of a place. <br \/>Non big attractions, but small moments that stay with you.<\/p>\t\t\t\t\t\t\t\t<\/div>\n\t\t\t\t\t<\/div>\n\t\t\t\t<\/div>\n\t\t<div class=\"elementor-element elementor-element-a18bef4 e-flex e-con-boxed e-con e-parent\" data-id=\"a18bef4\" data-element_type=\"container\" data-e-type=\"container\">\n\t\t\t\t\t<div class=\"e-con-inner\">\n\t\t\t\t<div class=\"elementor-element elementor-element-7eac8af elementor-grid-2 elementor-grid-tablet-2 elementor-grid-mobile-1 elementor-posts--thumbnail-top elementor-widget elementor-widget-posts\" data-id=\"7eac8af\" data-element_type=\"widget\" data-e-type=\"widget\" data-settings=\"{&quot;classic_columns&quot;:&quot;2&quot;,&quot;classic_columns_tablet&quot;:&quot;2&quot;,&quot;classic_columns_mobile&quot;:&quot;1&quot;,&quot;classic_row_gap&quot;:{&quot;unit&quot;:&quot;px&quot;,&quot;size&quot;:35,&quot;sizes&quot;:[]},&quot;classic_row_gap_tablet&quot;:{&quot;unit&quot;:&quot;px&quot;,&quot;size&quot;:&quot;&quot;,&quot;sizes&quot;:[]},&quot;classic_row_gap_mobile&quot;:{&quot;unit&quot;:&quot;px&quot;,&quot;size&quot;:&quot;&quot;,&quot;sizes&quot;:[]}}\" data-widget_type=\"posts.classic\">\n\t\t\t\t<div class=\"elementor-widget-container\">\n\t\t\t\t\t\t\t<div class=\"elementor-posts-container elementor-posts elementor-posts--skin-classic elementor-grid\" role=\"list\">\n\t\t\t\t<article class=\"elementor-post elementor-grid-item post-822 post type-post status-publish format-standard has-post-thumbnail hentry category-cibo-e-piccole-cose tag-cultura-marocchina tag-marocco tag-nord-marocco\" role=\"listitem\">\n\t\t\t\t<a class=\"elementor-post__thumbnail__link\" href=\"https:\/\/caffepassaporto.com\/en\/tajine-marocchino-un-rituale-di-condivisione\/\" tabindex=\"-1\" >\n\t\t\t<div class=\"elementor-post__thumbnail\"><img fetchpriority=\"high\" decoding=\"async\" width=\"797\" height=\"1024\" src=\"https:\/\/caffepassaporto.com\/wp-content\/uploads\/2026\/03\/86516257-AE2F-4252-962D-FB474430C61E-e1773822377523-797x1024.webp\" class=\"attachment-large size-large wp-image-823\" alt=\"tajine marocchino\" srcset=\"https:\/\/caffepassaporto.com\/wp-content\/uploads\/2026\/03\/86516257-AE2F-4252-962D-FB474430C61E-e1773822377523-797x1024.webp 797w, https:\/\/caffepassaporto.com\/wp-content\/uploads\/2026\/03\/86516257-AE2F-4252-962D-FB474430C61E-e1773822377523-233x300.webp 233w, https:\/\/caffepassaporto.com\/wp-content\/uploads\/2026\/03\/86516257-AE2F-4252-962D-FB474430C61E-e1773822377523-768x987.webp 768w, https:\/\/caffepassaporto.com\/wp-content\/uploads\/2026\/03\/86516257-AE2F-4252-962D-FB474430C61E-e1773822377523-9x12.webp 9w, https:\/\/caffepassaporto.com\/wp-content\/uploads\/2026\/03\/86516257-AE2F-4252-962D-FB474430C61E-e1773822377523.webp 1024w\" sizes=\"(max-width: 797px) 100vw, 797px\" \/><\/div>\n\t\t<\/a>\n\t\t\t\t<div class=\"elementor-post__text\">\n\t\t\t\t<h3 class=\"elementor-post__title\">\n\t\t\t<a href=\"https:\/\/caffepassaporto.com\/en\/tajine-marocchino-un-rituale-di-condivisione\/\" >\n\t\t\t\tTajine marocchino: un rituale di condivisione\t\t\t<\/a>\n\t\t<\/h3>\n\t\t\t\t<div class=\"elementor-post__meta-data\">\n\t\t\t\t\t<span class=\"elementor-post-date\">\n\t\t\tMarch 18, 2026\t\t<\/span>\n\t\t\t\t<\/div>\n\t\t\t\t<div class=\"elementor-post__excerpt\">\n\t\t\t<p>Il tajine marocchino \u00e8 molto pi\u00f9 di un semplice piatto: \u00e8 un\u2019esperienza di condivisione. In questo articolo ti racconto cos\u2019\u00e8, come si mangia e perch\u00e9 rappresenta uno dei momenti pi\u00f9 autentici della cultura marocchina, tra sapori, tradizioni e convivialit\u00e0.<\/p>\n\t\t<\/div>\n\t\t\n\t\t<a class=\"elementor-post__read-more\" href=\"https:\/\/caffepassaporto.com\/en\/tajine-marocchino-un-rituale-di-condivisione\/\" aria-label=\"Read more about Tajine marocchino: un rituale di condivisione\" tabindex=\"-1\" >\n\t\t\tRead more\t\t<\/a>\n\n\t\t\t\t<\/div>\n\t\t\t\t<\/article>\n\t\t\t\t<article class=\"elementor-post elementor-grid-item post-646 post type-post status-publish format-standard has-post-thumbnail hentry category-cibo-e-piccole-cose\" role=\"listitem\">\n\t\t\t\t<a class=\"elementor-post__thumbnail__link\" href=\"https:\/\/caffepassaporto.com\/en\/come-si-beve-il-caffe-nel-mondo\/\" tabindex=\"-1\" >\n\t\t\t<div class=\"elementor-post__thumbnail\"><img decoding=\"async\" width=\"768\" height=\"1024\" src=\"https:\/\/caffepassaporto.com\/wp-content\/uploads\/2026\/02\/8AB7381C-E86B-4F15-8970-CC436E9ED33D-1-768x1024.webp\" class=\"attachment-large size-large wp-image-647\" alt=\"\" srcset=\"https:\/\/caffepassaporto.com\/wp-content\/uploads\/2026\/02\/8AB7381C-E86B-4F15-8970-CC436E9ED33D-1-768x1024.webp 768w, https:\/\/caffepassaporto.com\/wp-content\/uploads\/2026\/02\/8AB7381C-E86B-4F15-8970-CC436E9ED33D-1-225x300.webp 225w, https:\/\/caffepassaporto.com\/wp-content\/uploads\/2026\/02\/8AB7381C-E86B-4F15-8970-CC436E9ED33D-1-1152x1536.webp 1152w, https:\/\/caffepassaporto.com\/wp-content\/uploads\/2026\/02\/8AB7381C-E86B-4F15-8970-CC436E9ED33D-1-scaled.webp 1440w\" sizes=\"(max-width: 768px) 100vw, 768px\" \/><\/div>\n\t\t<\/a>\n\t\t\t\t<div class=\"elementor-post__text\">\n\t\t\t\t<h3 class=\"elementor-post__title\">\n\t\t\t<a href=\"https:\/\/caffepassaporto.com\/en\/come-si-beve-il-caffe-nel-mondo\/\" >\n\t\t\t\tHow Coffee is drunk around the world: rituals, traditions &amp; coffee culture\t\t\t<\/a>\n\t\t<\/h3>\n\t\t\t\t<div class=\"elementor-post__meta-data\">\n\t\t\t\t\t<span class=\"elementor-post-date\">\n\t\t\tFebruary 27, 2026\t\t<\/span>\n\t\t\t\t<\/div>\n\t\t\t\t<div class=\"elementor-post__excerpt\">\n\t\t\t<p>How is coffee enjoyed around the world? A journey through traditions, rituals, and coffee cultures, from Italy to Asia and all the way to Australia.<\/p>\n\t\t<\/div>\n\t\t\n\t\t<a class=\"elementor-post__read-more\" href=\"https:\/\/caffepassaporto.com\/en\/come-si-beve-il-caffe-nel-mondo\/\" aria-label=\"Read more about Come si beve il caff\u00e8 nel mondo: riti, tradizioni e culture del caff\u00e8 in viaggio\" tabindex=\"-1\" >\n\t\t\tRead more\t\t<\/a>\n\n\t\t\t\t<\/div>\n\t\t\t\t<\/article>\n\t\t\t\t<\/div>\n\t\t\n\t\t\t\t\t\t<\/div>\n\t\t\t\t<\/div>\n\t\t\t\t\t<\/div>\n\t\t\t\t<\/div>\n\t\t\t\t<\/div>","protected":false},"excerpt":{"rendered":"<p>Cibo e piccole cose Curiosit\u00e0 e dettagli che parlano di un luogo. Non grandi attrazioni ma piccoli momenti che restano dentro.<\/p>","protected":false},"author":1,"featured_media":0,"parent":0,"menu_order":0,"comment_status":"closed","ping_status":"closed","template":"","meta":{"footnotes":""},"class_list":["post-106","page","type-page","status-publish","hentry"],"_hostinger_reach_plugin_has_subscription_block":false,"_hostinger_reach_plugin_is_elementor":false,"_links":{"self":[{"href":"https:\/\/caffepassaporto.com\/en\/wp-json\/wp\/v2\/pages\/106","targetHints":{"allow":["GET"]}}],"collection":[{"href":"https:\/\/caffepassaporto.com\/en\/wp-json\/wp\/v2\/pages"}],"about":[{"href":"https:\/\/caffepassaporto.com\/en\/wp-json\/wp\/v2\/types\/page"}],"author":[{"embeddable":true,"href":"https:\/\/caffepassaporto.com\/en\/wp-json\/wp\/v2\/users\/1"}],"replies":[{"embeddable":true,"href":"https:\/\/caffepassaporto.com\/en\/wp-json\/wp\/v2\/comments?post=106"}],"version-history":[{"count":10,"href":"https:\/\/caffepassaporto.com\/en\/wp-json\/wp\/v2\/pages\/106\/revisions"}],"predecessor-version":[{"id":783,"href":"https:\/\/caffepassaporto.com\/en\/wp-json\/wp\/v2\/pages\/106\/revisions\/783"}],"wp:attachment":[{"href":"https:\/\/caffepassaporto.com\/en\/wp-json\/wp\/v2\/media?parent=106"}],"curies":[{"name":"wp","href":"https:\/\/api.w.org\/{rel}","templated":true}]}}